{"id":96,"date":"2020-09-22T16:51:39","date_gmt":"2020-09-22T16:51:39","guid":{"rendered":"http:\/\/www.deliciaspaisas.com\/site\/?page_id=96"},"modified":"2022-01-28T18:13:36","modified_gmt":"2022-01-28T18:13:36","slug":"localizacao","status":"publish","type":"page","link":"http:\/\/www.deliciaspaisas.com\/site\/localizacao\/","title":{"rendered":"Localiza\u00e7\u00e3o"},"content":{"rendered":"\n<div class=\"wp-block-columns\">\n<div class=\"wp-block-column\">\n<h5 class=\"has-text-align-center\">Endere\u00e7o:<\/h5>\n\n\n\n<p class=\"has-text-align-center\">Rua Hilario Furlan, 95 &#8211; Brooklin Novo<br> (11) 97586-8535<\/p>\n<\/div>\n\n\n\n<div class=\"wp-block-column\">\n<h5 class=\"has-text-align-center\">Hor\u00e1rios:<\/h5>\n\n\n\n<p class=\"has-text-align-center\">Segunda \u00e0 sexta: 11h &#8211; 15h<br>S\u00e1bado: 12h &#8211; 15h<br>Domingo: 13h &#8211; 16h<\/p>\n<\/div>\n<\/div>\n\n\n\n<div style=\"min-height:400px\" data-map-attr=\"\/qaddress\/q:\/qRua Hilario Furlan, 95\/q||\/qlat\/q:\/qundefined\/q||\/qlng\/q:\/qundefined\/q||\/qskin\/q:\/qstandard\/q||\/qzoom\/q:\/q12\/q||\/qiconSize\/q:\/q36\/q||\/qmapTypeControl\/q:\/qtrue\/q||\/qzoomControl\/q:\/qtrue\/q||\/qstreetViewControl\/q:\/qtrue\/q||\/qfullscreenControl\/q:\/qtrue\/q\" class=\"wp-block-coblocks-map\"><iframe title=\"Google Maps\" frameborder=\"0\" style=\"width:100%;min-height:400px\" src=\"https:\/\/www.google.com\/maps?q=Rua%20Hilario%20Furlan%2C%2095&amp;output=embed&amp;hl=pt-BR&amp;z=12\"><\/iframe><\/div>\n\n\n\n<h4>Entre em contat0<\/h4>\n\n\n\n\t\t<div class=\"coblocks-form\" id=\"7b582ec7585094747c47de341701166fbf958d5a\">\n\n\t\t\t\n\t\t\t<form action=\"http:\/\/www.deliciaspaisas.com\/site\/localizacao\/#7b582ec7585094747c47de341701166fbf958d5a\" method=\"post\">\n\t\t\t\t\n<label for=\"nome\" class=\"coblocks-label\">Nome: <span class=\"required\">&#042;<\/span><\/label>\n\t\t<input type=\"hidden\" name=\"field-nome[label]\" value=\"Nome:\">\n\n\t\t\t\t<input type=\"hidden\" id=\"name-field-id\" name=\"name-field-id\" class=\"coblocks-name-field-id\" value=\"field-nome\" \/>\n\t\t\n\t\t<input type=\"text\" id=\"nome\" name=\"field-nome[value]\" class=\"coblocks-field coblocks-field--name\" required \/>\n\n\t\t\n\n<label for=\"email\" class=\"coblocks-label\">Email: <span class=\"required\">&#042;<\/span><\/label>\n\t\t<input type=\"hidden\" name=\"field-email[label]\" value=\"Email:\">\n\n\t\t\n\t\t<input type=\"hidden\" id=\"email-field-id\" name=\"email-field-id\" class=\"coblocks-email-field-id\" value=\"field-email\" \/>\n\t\t<input type=\"email\" id=\"email\" name=\"field-email[value]\" class=\"coblocks-field coblocks-field--email\" required \/>\n\n\t\t\n\n<label for=\"mensagem\" class=\"coblocks-label\">Mensagem: <span class=\"required\">&#042;<\/span><\/label>\n\t\t<input type=\"hidden\" name=\"field-mensagem[label]\" value=\"Mensagem:\">\n\n\t\t\n\t\t<textarea name=\"field-mensagem[value]\" id=\"mensagem\" class=\"coblocks-field coblocks-textarea\" rows=\"20\" required><\/textarea>\n\n\t\t\n\n\n\t\t<div class=\"coblocks-form__submit wp-block-button\">\n\t\t\t<button type=\"submit\" class=\"wp-block-button__link\" style=\"\">enviar<\/button>\n\t\t\t<input type=\"hidden\" id=\"form-submit\" name=\"form-submit\" value=\"4841f6600e\" \/><input type=\"hidden\" name=\"_wp_http_referer\" value=\"\/site\/wp-json\/wp\/v2\/pages\/96\" \/>\t\t\t<input type=\"hidden\" name=\"action\" value=\"coblocks-form-submit\">\n\n\t\t\t\t\t<\/div>\n\n\t\t\n\t\t\t\t<input class=\"coblocks-field verify\" type=\"email\" name=\"coblocks-verify-email\" autocomplete=\"off\" placeholder=\"E-mail\" tabindex=\"-1\">\n\t\t\t\t<input type=\"hidden\" name=\"form-hash\" value=\"7b582ec7585094747c47de341701166fbf958d5a\">\n\n\t\t\t\t\t\t\t<\/form>\n\n\t\t<\/div>\n\n\t\t\n\n\n<p><\/p>\n","protected":false},"excerpt":{"rendered":"<p>Endere\u00e7o: Rua Hilario Furlan, 95 &#8211; Brooklin Novo (11) 97586-8535 Hor\u00e1rios: Segunda \u00e0 sexta: 11h &#8211; 15hS\u00e1bado: 12h &#8211; 15hDomingo: 13h &#8211; 16h Entre em contat0<\/p>\n","protected":false},"author":1,"featured_media":0,"parent":0,"menu_order":0,"comment_status":"closed","ping_status":"closed","template":"","meta":{"_coblocks_attr":"","_coblocks_dimensions":"","_coblocks_responsive_height":"","_coblocks_accordion_ie_support":"","hide_page_title":""},"_links":{"self":[{"href":"http:\/\/www.deliciaspaisas.com\/site\/wp-json\/wp\/v2\/pages\/96"}],"collection":[{"href":"http:\/\/www.deliciaspaisas.com\/site\/wp-json\/wp\/v2\/pages"}],"about":[{"href":"http:\/\/www.deliciaspaisas.com\/site\/wp-json\/wp\/v2\/types\/page"}],"author":[{"embeddable":true,"href":"http:\/\/www.deliciaspaisas.com\/site\/wp-json\/wp\/v2\/users\/1"}],"replies":[{"embeddable":true,"href":"http:\/\/www.deliciaspaisas.com\/site\/wp-json\/wp\/v2\/comments?post=96"}],"version-history":[{"count":6,"href":"http:\/\/www.deliciaspaisas.com\/site\/wp-json\/wp\/v2\/pages\/96\/revisions"}],"predecessor-version":[{"id":123,"href":"http:\/\/www.deliciaspaisas.com\/site\/wp-json\/wp\/v2\/pages\/96\/revisions\/123"}],"wp:attachment":[{"href":"http:\/\/www.deliciaspaisas.com\/site\/wp-json\/wp\/v2\/media?parent=96"}],"curies":[{"name":"wp","href":"https:\/\/api.w.org\/{rel}","templated":true}]}}