{"id":11,"date":"2020-09-17T04:13:56","date_gmt":"2020-09-17T04:13:56","guid":{"rendered":"http:\/\/www.deliciaspaisas.com\/site\/inicio\/"},"modified":"2021-09-23T01:44:05","modified_gmt":"2021-09-23T01:44:05","slug":"inicio","status":"publish","type":"page","link":"http:\/\/www.deliciaspaisas.com\/site\/","title":{"rendered":"Home"},"content":{"rendered":"\n<figure class=\"wp-block-image alignfull size-large is-style-bottom-wave\"><img loading=\"lazy\" width=\"1024\" height=\"576\" src=\"http:\/\/www.deliciaspaisas.com\/site\/wp-content\/uploads\/2020\/09\/Capa-1024x576.png\" alt=\"\" class=\"wp-image-71\" srcset=\"http:\/\/www.deliciaspaisas.com\/site\/wp-content\/uploads\/2020\/09\/Capa-1024x576.png 1024w, http:\/\/www.deliciaspaisas.com\/site\/wp-content\/uploads\/2020\/09\/Capa-300x169.png 300w, http:\/\/www.deliciaspaisas.com\/site\/wp-content\/uploads\/2020\/09\/Capa-768x432.png 768w, http:\/\/www.deliciaspaisas.com\/site\/wp-content\/uploads\/2020\/09\/Capa-1536x864.png 1536w, http:\/\/www.deliciaspaisas.com\/site\/wp-content\/uploads\/2020\/09\/Capa.png 1600w\" sizes=\"(max-width: 1024px) 100vw, 1024px\" \/><\/figure>\n\n\n\n<div class=\"wp-block-group\"><div class=\"wp-block-group__inner-container\">\n<h5 class=\"has-text-align-center\">Sejam bem-vindos, sejam bem-vindas!<\/h5>\n\n\n\n<h2 class=\"has-text-align-center\">Del\u00edcias da aut\u00eantica culin\u00e1ria Colombiana<\/h2>\n\n\n\n<div class=\"wp-block-button aligncenter is-style-circular\"><a class=\"wp-block-button__link has-background\" href=\"https:\/\/delicias-paisas.goomer.app\/menu#1000798\" style=\"background-color:#b71f81\">NOSSO card\u00e1pio<\/a><\/div>\n<\/div><\/div>\n\n\n\n<div class=\"wp-block-media-text alignwide has-media-on-the-right is-stacked-on-mobile\" style=\"grid-template-columns:auto 56%\"><figure class=\"wp-block-media-text__media\"><img loading=\"lazy\" width=\"1024\" height=\"690\" src=\"http:\/\/www.deliciaspaisas.com\/site\/wp-content\/uploads\/2020\/09\/117595782_672931493323895_8317117987982598907_o-1024x690.jpg\" alt=\"\" class=\"wp-image-82\" srcset=\"http:\/\/www.deliciaspaisas.com\/site\/wp-content\/uploads\/2020\/09\/117595782_672931493323895_8317117987982598907_o-1024x690.jpg 1024w, http:\/\/www.deliciaspaisas.com\/site\/wp-content\/uploads\/2020\/09\/117595782_672931493323895_8317117987982598907_o-300x202.jpg 300w, http:\/\/www.deliciaspaisas.com\/site\/wp-content\/uploads\/2020\/09\/117595782_672931493323895_8317117987982598907_o-768x518.jpg 768w, http:\/\/www.deliciaspaisas.com\/site\/wp-content\/uploads\/2020\/09\/117595782_672931493323895_8317117987982598907_o.jpg 1440w\" sizes=\"(max-width: 1024px) 100vw, 1024px\" \/><\/figure><div class=\"wp-block-media-text__content\">\n<p class=\"has-text-align-center has-small-font-size\">DELIVERY<\/p>\n\n\n\n<h3 class=\"has-text-align-center\">Del\u00edcias em sua casa<\/h3>\n\n\n\n<div class=\"wp-block-button aligncenter is-style-circular\"><a class=\"wp-block-button__link has-background\" href=\"http:\/\/www.deliciaspaisas.com\/site\/delivery\/\" style=\"background-color:#b71f81\">como pedir<\/a><\/div>\n<\/div><\/div>\n\n\n\n<div class=\"wp-block-media-text alignwide is-stacked-on-mobile\" style=\"grid-template-columns:56% auto\"><figure class=\"wp-block-media-text__media\"><img loading=\"lazy\" width=\"720\" height=\"720\" src=\"http:\/\/www.deliciaspaisas.com\/site\/wp-content\/uploads\/2020\/09\/106338251_214822003040096_2635060148833403730_n.jpg\" alt=\"\" class=\"wp-image-83\" srcset=\"http:\/\/www.deliciaspaisas.com\/site\/wp-content\/uploads\/2020\/09\/106338251_214822003040096_2635060148833403730_n.jpg 720w, http:\/\/www.deliciaspaisas.com\/site\/wp-content\/uploads\/2020\/09\/106338251_214822003040096_2635060148833403730_n-300x300.jpg 300w, http:\/\/www.deliciaspaisas.com\/site\/wp-content\/uploads\/2020\/09\/106338251_214822003040096_2635060148833403730_n-150x150.jpg 150w\" sizes=\"(max-width: 720px) 100vw, 720px\" \/><\/figure><div class=\"wp-block-media-text__content\">\n<h3 class=\"has-text-align-center\">Culin\u00e1ria, arte<br>e cultura colombiana<\/h3>\n\n\n\n<div class=\"wp-block-button aligncenter is-style-circular\"><a class=\"wp-block-button__link has-background\" href=\"http:\/\/www.deliciaspaisas.com\/site\/localizacao\/\" style=\"background-color:#b71f81\">onde estamos<\/a><\/div>\n<\/div><\/div>\n\n\n\n<div class=\"wp-block-coblocks-shape-divider alignfull is-horizontally-flipped coblocks-shape-divider-818203658831 is-style-pointed mb-0 mt-0\" style=\"background-color:#fbc845;color:#213870\" aria-hidden=\"true\"><div class=\"wp-block-coblocks-shape-divider__svg-wrapper\" style=\"min-height:180px\"><svg xmlns=\"http:\/\/www.w3.org\/2000\/svg\" viewbox=\"0 0 1000 100\" preserveaspectratio=\"none\" class=\"divider--pointed\" role=\"img\" aria-hidden=\"true\"><path d=\"M737.9,94.7L0,0v100h1000V0L737.9,94.7z\"><\/path><\/svg><\/div><div class=\"wp-block-coblocks-shape-divider__alt-wrapper\" style=\"min-height:28px\"><\/div><\/div>\n","protected":false},"excerpt":{"rendered":"","protected":false},"author":1,"featured_media":0,"parent":0,"menu_order":0,"comment_status":"closed","ping_status":"closed","template":"","meta":{"_coblocks_attr":"","_coblocks_dimensions":"","_coblocks_responsive_height":"","_coblocks_accordion_ie_support":"","hide_page_title":""},"_links":{"self":[{"href":"http:\/\/www.deliciaspaisas.com\/site\/wp-json\/wp\/v2\/pages\/11"}],"collection":[{"href":"http:\/\/www.deliciaspaisas.com\/site\/wp-json\/wp\/v2\/pages"}],"about":[{"href":"http:\/\/www.deliciaspaisas.com\/site\/wp-json\/wp\/v2\/types\/page"}],"author":[{"embeddable":true,"href":"http:\/\/www.deliciaspaisas.com\/site\/wp-json\/wp\/v2\/users\/1"}],"replies":[{"embeddable":true,"href":"http:\/\/www.deliciaspaisas.com\/site\/wp-json\/wp\/v2\/comments?post=11"}],"version-history":[{"count":11,"href":"http:\/\/www.deliciaspaisas.com\/site\/wp-json\/wp\/v2\/pages\/11\/revisions"}],"predecessor-version":[{"id":119,"href":"http:\/\/www.deliciaspaisas.com\/site\/wp-json\/wp\/v2\/pages\/11\/revisions\/119"}],"wp:attachment":[{"href":"http:\/\/www.deliciaspaisas.com\/site\/wp-json\/wp\/v2\/media?parent=11"}],"curies":[{"name":"wp","href":"https:\/\/api.w.org\/{rel}","templated":true}]}}